{"id":57,"date":"2023-06-13T12:07:52","date_gmt":"2023-06-13T10:07:52","guid":{"rendered":"https:\/\/mamm-destilerija.virtus3-projekti.com\/?page_id=57"},"modified":"2023-11-24T08:51:00","modified_gmt":"2023-11-24T07:51:00","slug":"contact","status":"publish","type":"page","link":"https:\/\/mamm-destilerija.hr\/en\/contact\/","title":{"rendered":"Contact"},"content":{"rendered":"<h3>Contact us for more information<\/h3>\n<p>MAMM Destilerija<br \/>\nMAMM obrt za proizvodnju jakih alkoholnih pi\u0107a<br \/>\nDragutina Domjani\u0107a 58<br \/>\n33405 Pitoma\u010da<br \/>\nHrvatska<br \/>\nMail: <a href=\"mailto:mamm.destilerija@gmail.com\">mamm.destilerija@gmail.com<\/a><br \/>\nMob: +385 91 3000 333<\/p>\n","protected":false},"excerpt":{"rendered":"<p>Contact us for more information MAMM Destilerija MAMM obrt za proizvodnju jakih alkoholnih pi\u0107a Dragutina Domjani\u0107a 58 33405 Pitoma\u010da Hrvatska Mail: mamm.destilerija@gmail.com Mob: +385 91 3000 333<\/p>\n","protected":false},"author":1,"featured_media":239,"parent":0,"menu_order":0,"comment_status":"closed","ping_status":"closed","template":"template-contact.php","meta":{"iawp_total_views":23,"footnotes":""},"class_list":["post-57","page","type-page","status-publish","has-post-thumbnail","hentry"],"aioseo_notices":[],"_links":{"self":[{"href":"https:\/\/mamm-destilerija.hr\/en\/wp-json\/wp\/v2\/pages\/57","targetHints":{"allow":["GET"]}}],"collection":[{"href":"https:\/\/mamm-destilerija.hr\/en\/wp-json\/wp\/v2\/pages"}],"about":[{"href":"https:\/\/mamm-destilerija.hr\/en\/wp-json\/wp\/v2\/types\/page"}],"author":[{"embeddable":true,"href":"https:\/\/mamm-destilerija.hr\/en\/wp-json\/wp\/v2\/users\/1"}],"replies":[{"embeddable":true,"href":"https:\/\/mamm-destilerija.hr\/en\/wp-json\/wp\/v2\/comments?post=57"}],"version-history":[{"count":0,"href":"https:\/\/mamm-destilerija.hr\/en\/wp-json\/wp\/v2\/pages\/57\/revisions"}],"wp:featuredmedia":[{"embeddable":true,"href":"https:\/\/mamm-destilerija.hr\/en\/wp-json\/wp\/v2\/media\/239"}],"wp:attachment":[{"href":"https:\/\/mamm-destilerija.hr\/en\/wp-json\/wp\/v2\/media?parent=57"}],"curies":[{"name":"wp","href":"https:\/\/api.w.org\/{rel}","templated":true}]}}